{"id":158,"date":"2018-11-28T12:24:41","date_gmt":"2018-11-28T10:24:41","guid":{"rendered":"http:\/\/bridge207.qodeinteractive.com\/?page_id=158"},"modified":"2021-08-22T19:16:57","modified_gmt":"2021-08-22T16:16:57","slug":"teenused","status":"publish","type":"page","link":"https:\/\/hjpehitus.ee\/fi\/teenused\/","title":{"rendered":"Palvelut"},"content":{"rendered":"<p>[vc_row css_animation=&#8221;&#8221; row_type=&#8221;row&#8221; use_row_as_full_screen_section=&#8221;no&#8221; type=&#8221;grid&#8221; angled_section=&#8221;no&#8221; text_align=&#8221;left&#8221; background_image_as_pattern=&#8221;without_pattern&#8221; css=&#8221;.vc_custom_1543571104907{padding-top: 50px !important;padding-bottom: 50px !important;}&#8221; z_index=&#8221;&#8221;][vc_column width=&#8221;1\/2&#8243;][vc_column_text]<\/p>\n<ul>\n<li>Ohutrappaus julkisivut<\/li>\n<li>Puujulkisivut<\/li>\n<li>Lasijulkisivut<\/li>\n<li>Portaikkojen sis\u00e4viimistely<\/li>\n<li>Julkisivujen pesu ja viimeistely<\/li>\n<li>Sis\u00e4tilojen viimeistelyty\u00f6t<\/li>\n<li>Laatoitus<\/li>\n<li>Katot<\/li>\n<li>Ilmastointi<\/li>\n<\/ul>\n<p>[\/vc_column_text][vc_empty_space][\/vc_column][vc_column width=&#8221;1\/2&#8243;][vc_single_image image=&#8221;249&#8243; img_size=&#8221;full&#8221; qode_css_animation=&#8221;&#8221;][\/vc_column][\/vc_row]<\/p>","protected":false},"excerpt":{"rendered":"<p>[vc_row css_animation=&#8221;&#8221; row_type=&#8221;row&#8221; use_row_as_full_screen_section=&#8221;no&#8221; type=&#8221;grid&#8221; angled_section=&#8221;no&#8221; text_align=&#8221;left&#8221; background_image_as_pattern=&#8221;without_pattern&#8221; css=&#8221;.vc_custom_1543571104907{padding-top: 50px !important;padding-bottom: 50px !important;}&#8221; z_index=&#8221;&#8221;][vc_column width=&#8221;1\/2&#8243;][vc_column_text] Ohutrappaus julkisivut Puujulkisivut Lasijulkisivut Portaikkojen sis\u00e4viimistely Julkisivujen pesu ja viimeistely Sis\u00e4tilojen viimeistelyty\u00f6t Laatoitus Katot Ilmastointi [\/vc_column_text][vc_empty_space][\/vc_column][vc_column width=&#8221;1\/2&#8243;][vc_single_image image=&#8221;249&#8243; img_size=&#8221;full&#8221; qode_css_animation=&#8221;&#8221;][\/vc_column][\/vc_row]<\/p>\n","protected":false},"author":1,"featured_media":0,"parent":0,"menu_order":0,"comment_status":"closed","ping_status":"closed","template":"full_width.php","meta":[],"_links":{"self":[{"href":"https:\/\/hjpehitus.ee\/fi\/wp-json\/wp\/v2\/pages\/158"}],"collection":[{"href":"https:\/\/hjpehitus.ee\/fi\/wp-json\/wp\/v2\/pages"}],"about":[{"href":"https:\/\/hjpehitus.ee\/fi\/wp-json\/wp\/v2\/types\/page"}],"author":[{"embeddable":true,"href":"https:\/\/hjpehitus.ee\/fi\/wp-json\/wp\/v2\/users\/1"}],"replies":[{"embeddable":true,"href":"https:\/\/hjpehitus.ee\/fi\/wp-json\/wp\/v2\/comments?post=158"}],"version-history":[{"count":5,"href":"https:\/\/hjpehitus.ee\/fi\/wp-json\/wp\/v2\/pages\/158\/revisions"}],"predecessor-version":[{"id":257,"href":"https:\/\/hjpehitus.ee\/fi\/wp-json\/wp\/v2\/pages\/158\/revisions\/257"}],"wp:attachment":[{"href":"https:\/\/hjpehitus.ee\/fi\/wp-json\/wp\/v2\/media?parent=158"}],"curies":[{"name":"wp","href":"https:\/\/api.w.org\/{rel}","templated":true}]}}