{"id":108,"date":"2018-11-28T10:50:07","date_gmt":"2018-11-28T08:50:07","guid":{"rendered":"http:\/\/bridge207.qodeinteractive.com\/?page_id=108"},"modified":"2021-08-22T19:15:58","modified_gmt":"2021-08-22T16:15:58","slug":"meist","status":"publish","type":"page","link":"https:\/\/hjpehitus.ee\/fi\/meist\/","title":{"rendered":"Meist\u00e4"},"content":{"rendered":"<p>[vc_row css_animation=&#8221;&#8221; row_type=&#8221;row&#8221; use_row_as_full_screen_section=&#8221;no&#8221; type=&#8221;grid&#8221; angled_section=&#8221;no&#8221; text_align=&#8221;left&#8221; background_image_as_pattern=&#8221;without_pattern&#8221; css=&#8221;.vc_custom_1543572877699{padding-top: 50px !important;padding-bottom: 50px !important;}&#8221; z_index=&#8221;&#8221;][vc_column width=&#8221;1\/2&#8243;][vc_single_image image=&#8221;237&#8243; img_size=&#8221;full&#8221; qode_css_animation=&#8221;&#8221;][\/vc_column][vc_column width=&#8221;1\/2&#8243;][vc_column_text]Hjp Rakennus on vuonna 2015 perustettu rakennusyhti\u00f6. Meill\u00e4 on 16 vuoden rakennuskokemus sek\u00e4 Virossa ett\u00e4 Suomessa.<\/p>\n<p>&nbsp;<\/p>\n<p>Yhti\u00f6 hoitaa yksityistalojen rakentamista, julkisivut\u00f6it\u00e4 , kattoty\u00f6it\u00e4 ja yleisia rakennust\u00f6it\u00e4<\/p>\n<p>&nbsp;<\/p>\n<p>Meid\u00e4n tavoitteena on tarjoa asiakkalle tyytyv\u00e4isyytt\u00e4 ja laadukasta ty\u00f6t\u00e4.<\/p>\n<p>&nbsp;<\/p>\n<p>Otamme aina huomioon asiakkaan toiveet ja annamme hyvi\u00e4 neuvoja saavuttaaksemme aina parhaat rakaisut asiakkaalle[\/vc_column_text][\/vc_column][\/vc_row]<\/p>","protected":false},"excerpt":{"rendered":"<p>[vc_row css_animation=&#8221;&#8221; row_type=&#8221;row&#8221; use_row_as_full_screen_section=&#8221;no&#8221; type=&#8221;grid&#8221; angled_section=&#8221;no&#8221; text_align=&#8221;left&#8221; background_image_as_pattern=&#8221;without_pattern&#8221; css=&#8221;.vc_custom_1543572877699{padding-top: 50px !important;padding-bottom: 50px !important;}&#8221; z_index=&#8221;&#8221;][vc_column width=&#8221;1\/2&#8243;][vc_single_image image=&#8221;237&#8243; img_size=&#8221;full&#8221; qode_css_animation=&#8221;&#8221;][\/vc_column][vc_column width=&#8221;1\/2&#8243;][vc_column_text]Hjp Rakennus on vuonna 2015 perustettu rakennusyhti\u00f6. Meill\u00e4 on 16 vuoden rakennuskokemus sek\u00e4 Virossa ett\u00e4 Suomessa. &nbsp; Yhti\u00f6 hoitaa yksityistalojen rakentamista, julkisivut\u00f6it\u00e4 , kattoty\u00f6it\u00e4 ja yleisia rakennust\u00f6it\u00e4&#8230;<\/p>\n","protected":false},"author":1,"featured_media":0,"parent":0,"menu_order":0,"comment_status":"closed","ping_status":"closed","template":"full_width.php","meta":[],"_links":{"self":[{"href":"https:\/\/hjpehitus.ee\/fi\/wp-json\/wp\/v2\/pages\/108"}],"collection":[{"href":"https:\/\/hjpehitus.ee\/fi\/wp-json\/wp\/v2\/pages"}],"about":[{"href":"https:\/\/hjpehitus.ee\/fi\/wp-json\/wp\/v2\/types\/page"}],"author":[{"embeddable":true,"href":"https:\/\/hjpehitus.ee\/fi\/wp-json\/wp\/v2\/users\/1"}],"replies":[{"embeddable":true,"href":"https:\/\/hjpehitus.ee\/fi\/wp-json\/wp\/v2\/comments?post=108"}],"version-history":[{"count":4,"href":"https:\/\/hjpehitus.ee\/fi\/wp-json\/wp\/v2\/pages\/108\/revisions"}],"predecessor-version":[{"id":256,"href":"https:\/\/hjpehitus.ee\/fi\/wp-json\/wp\/v2\/pages\/108\/revisions\/256"}],"wp:attachment":[{"href":"https:\/\/hjpehitus.ee\/fi\/wp-json\/wp\/v2\/media?parent=108"}],"curies":[{"name":"wp","href":"https:\/\/api.w.org\/{rel}","templated":true}]}}